{"id":21445,"date":"2025-07-18T16:28:36","date_gmt":"2025-07-18T14:28:36","guid":{"rendered":"https:\/\/philippe-schreck.com\/?page_id=21445"},"modified":"2025-07-18T16:28:36","modified_gmt":"2025-07-18T14:28:36","slug":"votre-inscription-a-linfolettre-du-depute-philippe-schreck-est-confirmee","status":"publish","type":"page","link":"https:\/\/philippe-schreck.com\/index.php\/votre-inscription-a-linfolettre-du-depute-philippe-schreck-est-confirmee\/","title":{"rendered":"Votre inscription \u00e0 l&#8217;infolettre du d\u00e9put\u00e9 Philippe Schreck est confirm\u00e9e !"},"content":{"rendered":"\n<figure class=\"wp-block-image size-large\"><img fetchpriority=\"high\" decoding=\"async\" width=\"1024\" height=\"398\" src=\"https:\/\/philippe-schreck.com\/wp-content\/uploads\/2025\/07\/content-1024x398.jpeg\" alt=\"\" class=\"wp-image-21446\" srcset=\"https:\/\/philippe-schreck.com\/wp-content\/uploads\/2025\/07\/content-1024x398.jpeg 1024w, https:\/\/philippe-schreck.com\/wp-content\/uploads\/2025\/07\/content-300x117.jpeg 300w, https:\/\/philippe-schreck.com\/wp-content\/uploads\/2025\/07\/content-768x299.jpeg 768w, https:\/\/philippe-schreck.com\/wp-content\/uploads\/2025\/07\/content-1536x598.jpeg 1536w, https:\/\/philippe-schreck.com\/wp-content\/uploads\/2025\/07\/content.jpeg 1748w\" sizes=\"(max-width: 1024px) 100vw, 1024px\" \/><\/figure>\n\n\n\n<p>Merci pour votre souscription ! Vous recevrez d\u00e9sormais l&#8217;infolettre du d\u00e9put\u00e9 Philippe Schreck sur votre adresse \u00e9lectronique (environ 1 par semaine).<br>Il vous sera possible de vous y d\u00e9sinscrire quand vous le souhaitez en cliquant sur &#8220;me d\u00e9sabonner&#8221; en bas du courriel.<\/p>\n","protected":false},"excerpt":{"rendered":"<p>Merci pour votre souscription ! Vous recevrez d\u00e9sormais l&#8217;infolettre du d\u00e9put\u00e9 Philippe Schreck sur votre adresse \u00e9lectronique (environ 1 par semaine).Il vous sera possible de vous y d\u00e9sinscrire quand vous le souhaitez en cliquant sur &#8220;me d\u00e9sabonner&#8221; en bas du courriel.<\/p>\n","protected":false},"author":1,"featured_media":0,"parent":0,"menu_order":0,"comment_status":"closed","ping_status":"closed","template":"","meta":{"footnotes":""},"class_list":["post-21445","page","type-page","status-publish","hentry"],"_links":{"self":[{"href":"https:\/\/philippe-schreck.com\/index.php\/wp-json\/wp\/v2\/pages\/21445","targetHints":{"allow":["GET"]}}],"collection":[{"href":"https:\/\/philippe-schreck.com\/index.php\/wp-json\/wp\/v2\/pages"}],"about":[{"href":"https:\/\/philippe-schreck.com\/index.php\/wp-json\/wp\/v2\/types\/page"}],"author":[{"embeddable":true,"href":"https:\/\/philippe-schreck.com\/index.php\/wp-json\/wp\/v2\/users\/1"}],"replies":[{"embeddable":true,"href":"https:\/\/philippe-schreck.com\/index.php\/wp-json\/wp\/v2\/comments?post=21445"}],"version-history":[{"count":1,"href":"https:\/\/philippe-schreck.com\/index.php\/wp-json\/wp\/v2\/pages\/21445\/revisions"}],"predecessor-version":[{"id":21447,"href":"https:\/\/philippe-schreck.com\/index.php\/wp-json\/wp\/v2\/pages\/21445\/revisions\/21447"}],"wp:attachment":[{"href":"https:\/\/philippe-schreck.com\/index.php\/wp-json\/wp\/v2\/media?parent=21445"}],"curies":[{"name":"wp","href":"https:\/\/api.w.org\/{rel}","templated":true}]}}